{"id":36,"date":"2022-02-01T11:11:28","date_gmt":"2022-02-01T11:11:28","guid":{"rendered":"https:\/\/teenchallenge-ostrow.pl\/?page_id=36"},"modified":"2022-02-01T13:09:09","modified_gmt":"2022-02-01T13:09:09","slug":"kontakt","status":"publish","type":"page","link":"https:\/\/teenchallenge-ostrow.pl\/?page_id=36","title":{"rendered":"Kontakt"},"content":{"rendered":"<p style=\"text-align: justify;\">Chrze\u015bcija\u0144ska Misja Spo\u0142eczna<br \/>\n&#8222;Teen Challenge&#8221;<br \/>\nOddzia\u0142 Ostr\u00f3w Wielkopolski<br \/>\nul. Wolno\u015bci 34,<br \/>\n63-400 Ostr\u00f3w Wielkopolski<\/p>\n<p>Dy\u017cury odbywaj\u0105 si\u0119 co \u015brod\u0119 od godziny 17:00 do 19:00.<\/p>\n","protected":false},"excerpt":{"rendered":"<p>Chrze\u015bcija\u0144ska Misja Spo\u0142eczna &#8222;Teen Challenge&#8221; Oddzia\u0142 Ostr\u00f3w Wielkopolski ul. Wolno\u015bci 34, 63-400 Ostr\u00f3w Wielkopolski Dy\u017cury odbywaj\u0105 si\u0119 co \u015brod\u0119 od godziny 17:00 do 19:00.<\/p>\n","protected":false},"author":1,"featured_media":0,"parent":0,"menu_order":0,"comment_status":"closed","ping_status":"closed","template":"","meta":{"ngg_post_thumbnail":0,"footnotes":"","_links_to":"","_links_to_target":""},"class_list":["entry","page","publish","author-admin","post-36"],"_links":{"self":[{"href":"https:\/\/teenchallenge-ostrow.pl\/index.php?rest_route=\/wp\/v2\/pages\/36","targetHints":{"allow":["GET"]}}],"collection":[{"href":"https:\/\/teenchallenge-ostrow.pl\/index.php?rest_route=\/wp\/v2\/pages"}],"about":[{"href":"https:\/\/teenchallenge-ostrow.pl\/index.php?rest_route=\/wp\/v2\/types\/page"}],"author":[{"embeddable":true,"href":"https:\/\/teenchallenge-ostrow.pl\/index.php?rest_route=\/wp\/v2\/users\/1"}],"replies":[{"embeddable":true,"href":"https:\/\/teenchallenge-ostrow.pl\/index.php?rest_route=%2Fwp%2Fv2%2Fcomments&post=36"}],"version-history":[{"count":4,"href":"https:\/\/teenchallenge-ostrow.pl\/index.php?rest_route=\/wp\/v2\/pages\/36\/revisions"}],"predecessor-version":[{"id":137,"href":"https:\/\/teenchallenge-ostrow.pl\/index.php?rest_route=\/wp\/v2\/pages\/36\/revisions\/137"}],"wp:attachment":[{"href":"https:\/\/teenchallenge-ostrow.pl\/index.php?rest_route=%2Fwp%2Fv2%2Fmedia&parent=36"}],"curies":[{"name":"wp","href":"https:\/\/api.w.org\/{rel}","templated":true}]}}