{"id":32,"date":"2022-02-01T11:10:03","date_gmt":"2022-02-01T11:10:03","guid":{"rendered":"https:\/\/teenchallenge-ostrow.pl\/?page_id=32"},"modified":"2022-02-03T14:53:42","modified_gmt":"2022-02-03T14:53:42","slug":"galeria","status":"publish","type":"page","link":"https:\/\/teenchallenge-ostrow.pl\/?page_id=32","title":{"rendered":"Galeria"},"content":{"rendered":"<p style=\"text-align: center;\">Punkt konsultacyjny Teen Challenge oraz Jad\u0142odzielnia<\/p>\nngg_shortcode_0_placeholder\n<p style=\"text-align: center;\">Remont punktu konsultacyjnego Teen Challenge &#8211; Luty 2021r.<\/p>\nngg_shortcode_1_placeholder\n<p style=\"text-align: center;\">&nbsp;<br \/>\nNarkomania, Alkoholizm, Bezdomno\u015b\u0107 &#8211; Wstrz\u0105saj\u0105cy Film<\/p>\n<p style=\"text-align: center;\"><iframe loading=\"lazy\"  id=\"_ytid_82979\"  width=\"800\" height=\"450\"  data-origwidth=\"800\" data-origheight=\"450\" src=\"https:\/\/www.youtube.com\/embed\/Pj0wMKCRD1s?enablejsapi=1&autoplay=0&cc_load_policy=0&cc_lang_pref=&iv_load_policy=1&loop=0&modestbranding=0&rel=1&fs=1&playsinline=0&autohide=2&theme=dark&color=red&controls=1&\" class=\"__youtube_prefs__  no-lazyload\" title=\"YouTube player\"  allow=\"fullscreen; accelerometer; autoplay; clipboard-write; encrypted-media; gyroscope; picture-in-picture\" allowfullscreen data-no-lazy=\"1\" data-skipgform_ajax_framebjll=\"\"><\/iframe><\/p>\n<p style=\"text-align: center;\">Teen Challenge konferencja &#8211; 2021r.<\/p>\nngg_shortcode_2_placeholder\n<p style=\"text-align: center;\">Gwiazdkowa Niespodzianka &#8211; Biskupice Zabaryczne<\/p>\nngg_shortcode_3_placeholder\n","protected":false},"excerpt":{"rendered":"<p>Punkt konsultacyjny Teen Challenge oraz Jad\u0142odzielnia Remont punktu konsultacyjnego Teen Challenge &#8211; Luty 2021r. &nbsp; Narkomania, Alkoholizm, Bezdomno\u015b\u0107 &#8211; Wstrz\u0105saj\u0105cy Film Teen Challenge konferencja &#8211; 2021r. Gwiazdkowa Niespodzianka &#8211; Biskupice Zabaryczne &nbsp;<\/p>\n","protected":false},"author":1,"featured_media":0,"parent":0,"menu_order":0,"comment_status":"closed","ping_status":"closed","template":"","meta":{"ngg_post_thumbnail":0,"footnotes":"","_links_to":"","_links_to_target":""},"class_list":["entry","page","publish","author-admin","post-32"],"_links":{"self":[{"href":"https:\/\/teenchallenge-ostrow.pl\/index.php?rest_route=\/wp\/v2\/pages\/32","targetHints":{"allow":["GET"]}}],"collection":[{"href":"https:\/\/teenchallenge-ostrow.pl\/index.php?rest_route=\/wp\/v2\/pages"}],"about":[{"href":"https:\/\/teenchallenge-ostrow.pl\/index.php?rest_route=\/wp\/v2\/types\/page"}],"author":[{"embeddable":true,"href":"https:\/\/teenchallenge-ostrow.pl\/index.php?rest_route=\/wp\/v2\/users\/1"}],"replies":[{"embeddable":true,"href":"https:\/\/teenchallenge-ostrow.pl\/index.php?rest_route=%2Fwp%2Fv2%2Fcomments&post=32"}],"version-history":[{"count":8,"href":"https:\/\/teenchallenge-ostrow.pl\/index.php?rest_route=\/wp\/v2\/pages\/32\/revisions"}],"predecessor-version":[{"id":213,"href":"https:\/\/teenchallenge-ostrow.pl\/index.php?rest_route=\/wp\/v2\/pages\/32\/revisions\/213"}],"wp:attachment":[{"href":"https:\/\/teenchallenge-ostrow.pl\/index.php?rest_route=%2Fwp%2Fv2%2Fmedia&parent=32"}],"curies":[{"name":"wp","href":"https:\/\/api.w.org\/{rel}","templated":true}]}}