{"id":270,"date":"2022-03-22T12:41:43","date_gmt":"2022-03-22T12:41:43","guid":{"rendered":"https:\/\/teenchallenge-ostrow.pl\/?page_id=270"},"modified":"2022-04-18T17:43:57","modified_gmt":"2022-04-18T17:43:57","slug":"wsparli-nas","status":"publish","type":"page","link":"https:\/\/teenchallenge-ostrow.pl\/?page_id=270","title":{"rendered":"WSPIERAJ\u0104 NAS"},"content":{"rendered":"<p>Alpaki Maderzaki \u2013 Parczew<\/p>\n<p>Andrzej Sztajer \u2013 Kucharz<\/p>\n<p>Awra Hurtownia Drobiu \u2013 Odolan\u00f3w<\/p>\n<p>Bractwo Kurkowe \u2013 Ligota<\/p>\n<p>Butle z gazem przekaza\u0142 anonimowy sponsor<\/p>\n<p>Carmen \u2013 Masan\u00f3w<\/p>\n<p>Cool pizza \u2013 Ostr\u00f3w Wielkopolski<\/p>\n<p>Czesio \u2013 Ostrowski klaun<\/p>\n<p>Cz\u0142onkowie ko\u015bcio\u0142a Zielono\u015bwi\u0105tkowego \u2013 Ostr\u00f3w Wielkopolski<\/p>\n<p>Firma Spo\u0142em \u2013 Ostr\u00f3w Wielkopolski<\/p>\n<p>Fit Vege \u2013 Ostr\u00f3w Wielkopolski<\/p>\n<p>Fundacja Chops \u2013 Kalisz<\/p>\n<p>Graficolor \u2013 Ostr\u00f3w Wielkopolski<\/p>\n<p>Grzegorz Kuroszczyk \u2013 Trener Karate<\/p>\n<p>GS \u2013 Przygodzice<\/p>\n<p>Justyna Micha\u015b<\/p>\n<p>Karmelek Cukiernia \u2013 Przygodzice<\/p>\n<p>Karol Gawron \u2013 Przybys\u0142awice<\/p>\n<p>Karol i Lidia Kowalscy<\/p>\n<p>KGW \u2013 Czekan\u00f3w<\/p>\n<p>KGW \u2013 Franklin\u00f3w<\/p>\n<p>KGW \u2013 Rososzyca<\/p>\n<p>Koszyk Warzyw \u2013 Przygodzice<\/p>\n<p>Ksi\u0105dz Przemys\u0142aw \u2013 Kalisz<\/p>\n<p>Lazur \u2013 Nowe Skalmierzyce<\/p>\n<p>Nie tylko AGD \u2013 Przygodzice<\/p>\n<p>Niepubliczna Szko\u0142a Edukator \u2013 Kalisz<\/p>\n<p>Obiady u Violi \u2013 Ostr\u00f3w Wielkopolski<\/p>\n<p>Pani Halina \u2013 sklep na targowisku z jajkami<\/p>\n<p>Piekarnia \u2013 Janicki Ostr\u00f3w Wlkp.<\/p>\n<p>Piekarnia \u2013 Mima \u2013 Ostr\u00f3w Wielkopolski<\/p>\n<p>Piekarnia Mo\u015b \u2013 Grab\u00f3w nad Prosn\u0105<\/p>\n<p>Piekarnia Wi\u0119zienna \u2013 Bartoszyce<\/p>\n<p>Piekarnia Wi\u0119zienna \u2013 Bartoszyce<\/p>\n<p>Pizzeria Da Grasso \u2013 Ostr\u00f3w Wielkopolski<\/p>\n<p>Pizzeria Flamingo \u2013 Ostr\u00f3w Wielkopolski<\/p>\n<p>Pracownicy firmy Jerzy<\/p>\n<p>Projekt ksero \u2013 Ostr\u00f3w Wielkopolski<\/p>\n<p>Przemek Wilczura<\/p>\n<p>Przyjaciele z UK<\/p>\n<p>Rarytas \u2013 Ostr\u00f3w Wielkopolski<\/p>\n<p>Renata Kubica<\/p>\n<p>Restauracja K\u0105cik Smaku \u2013 Ostr\u00f3w Wielkopolski<\/p>\n<p>Restauracja na Ko\u015bciuszki<\/p>\n<p>Rusztowania Festa \u2013 Ostr\u00f3w Wielkopolski<\/p>\n<p>Rze\u017anik \u2013 Antczak \u2013 Ostr\u00f3w Wielkopolski<\/p>\n<p>Rze\u017anik \u2013 Krawiec \u2013 Doruch\u00f3w<\/p>\n<p>Sklep Ma\u0107ko<\/p>\n<p>Starostwo Powiatowe \u2013 Ostr\u00f3w Wielkopolski<\/p>\n<p>Teen Challenge \u2013 Pabianice<\/p>\n<p>Urz\u0105d Miasta \u2013 Ostr\u00f3w Wielkopolski<\/p>\n<p>Videomaster \u2013 Rososzyca<\/p>\n<p>Wolontariusze ze szko\u0142y Budowlano Energetycznej \u2013 Ostr\u00f3w Wielkopolski \u2013 Marta M\u0105dra, Paulina Dudek, Julia Stuszewska, Marta Wo\u017ana, Angelika Stawicka, Mateusz Kupczak, Miko\u0142aj Malinowski<\/p>\n<p>Wolontariuszki: Asia, Agata, Ula<\/p>\n<p>Wyroby garma\u017ceryjne Jasio \u2013 Ostr\u00f3w Wielkopolski<\/p>\n","protected":false},"excerpt":{"rendered":"<p>Alpaki Maderzaki \u2013 Parczew Andrzej Sztajer \u2013 Kucharz Awra Hurtownia Drobiu \u2013 Odolan\u00f3w Bractwo Kurkowe \u2013 Ligota Butle z gazem przekaza\u0142 anonimowy sponsor Carmen \u2013 Masan\u00f3w Cool pizza \u2013 Ostr\u00f3w Wielkopolski Czesio \u2013 Ostrowski klaun Cz\u0142onkowie ko\u015bcio\u0142a Zielono\u015bwi\u0105tkowego \u2013 Ostr\u00f3w Wielkopolski Firma Spo\u0142em \u2013 Ostr\u00f3w Wielkopolski Fit Vege \u2013 Ostr\u00f3w Wielkopolski Fundacja Chops \u2013 Kalisz &#8230; <span class=\"more\"><a class=\"more-link\" href=\"https:\/\/teenchallenge-ostrow.pl\/?page_id=270\">Czytaj dalej<\/a><\/span><\/p>\n","protected":false},"author":1,"featured_media":0,"parent":0,"menu_order":0,"comment_status":"closed","ping_status":"closed","template":"","meta":{"ngg_post_thumbnail":0,"footnotes":"","_links_to":"","_links_to_target":""},"class_list":["entry","page","publish","author-admin","post-270"],"_links":{"self":[{"href":"https:\/\/teenchallenge-ostrow.pl\/index.php?rest_route=\/wp\/v2\/pages\/270","targetHints":{"allow":["GET"]}}],"collection":[{"href":"https:\/\/teenchallenge-ostrow.pl\/index.php?rest_route=\/wp\/v2\/pages"}],"about":[{"href":"https:\/\/teenchallenge-ostrow.pl\/index.php?rest_route=\/wp\/v2\/types\/page"}],"author":[{"embeddable":true,"href":"https:\/\/teenchallenge-ostrow.pl\/index.php?rest_route=\/wp\/v2\/users\/1"}],"replies":[{"embeddable":true,"href":"https:\/\/teenchallenge-ostrow.pl\/index.php?rest_route=%2Fwp%2Fv2%2Fcomments&post=270"}],"version-history":[{"count":20,"href":"https:\/\/teenchallenge-ostrow.pl\/index.php?rest_route=\/wp\/v2\/pages\/270\/revisions"}],"predecessor-version":[{"id":297,"href":"https:\/\/teenchallenge-ostrow.pl\/index.php?rest_route=\/wp\/v2\/pages\/270\/revisions\/297"}],"wp:attachment":[{"href":"https:\/\/teenchallenge-ostrow.pl\/index.php?rest_route=%2Fwp%2Fv2%2Fmedia&parent=270"}],"curies":[{"name":"wp","href":"https:\/\/api.w.org\/{rel}","templated":true}]}}