{"id":2,"date":"2022-01-31T17:32:44","date_gmt":"2022-01-31T17:32:44","guid":{"rendered":"https:\/\/teenchallenge-ostrow.pl\/?page_id=2"},"modified":"2022-02-03T14:40:48","modified_gmt":"2022-02-03T14:40:48","slug":"sample-page","status":"publish","type":"page","link":"https:\/\/teenchallenge-ostrow.pl\/","title":{"rendered":"Teen Challenge Ostr\u00f3w Wlkp."},"content":{"rendered":"\r\n<p style=\"text-align: justify;\">Obecnie w&nbsp;Polsce&nbsp;dzia\u0142aj\u0105 dwa o\u015brodki Teen Challenge: w&nbsp;Broczynie, oraz filia w&nbsp;\u0141\u0119kini. Opr\u00f3cz wymienionych o\u015brodk\u00f3w istnieje r\u00f3wnie\u017c O\u015brodek Kryzysowy w Winiarczyk\u00f3wce, kilka punkt\u00f3w konsultacyjnych i sie\u0107 tzw.&nbsp;CoffeeHouse&#8217;\u00f3w&nbsp;\u2013 s\u0105 to punkty przyj\u0119ciowe, skupiaj\u0105ce grupy os\u00f3b udzielaj\u0105cych bezpo\u015bredniej pomocy uzale\u017cnionym, a tak\u017ce wspieraj\u0105cych potrzebuj\u0105cych w za\u0142atwianiu formalno\u015bci przy ubieganiu si\u0119 o miejsce w o\u015brodku stacjonarnym.<\/p>\r\n<p style=\"text-align: center;\"><iframe loading=\"lazy\"  id=\"_ytid_88178\"  width=\"800\" height=\"450\"  data-origwidth=\"800\" data-origheight=\"450\" src=\"https:\/\/www.youtube.com\/embed\/_WlQ52PvuuU?enablejsapi=1&autoplay=0&cc_load_policy=0&cc_lang_pref=&iv_load_policy=1&loop=0&modestbranding=0&rel=1&fs=1&playsinline=0&autohide=2&theme=dark&color=red&controls=1&\" class=\"__youtube_prefs__  no-lazyload\" title=\"YouTube player\"  allow=\"fullscreen; accelerometer; autoplay; clipboard-write; encrypted-media; gyroscope; picture-in-picture\" allowfullscreen data-no-lazy=\"1\" data-skipgform_ajax_framebjll=\"\"><\/iframe><\/p>\r\n<p style=\"text-align: justify;\">W Polsce zarejestrowanych jest ponad czterdzie\u015bci oddzia\u0142\u00f3w Teen Challenge gdzie prowadzona jest praca z uzale\u017cnionymi.<\/p>\r\n<p style=\"text-align: justify;\">Jednym z takich miejsc jest punkt konsultacyjny w Ostrowie Wielkopolskim kt\u00f3ry swoj\u0105 siedzib\u0119 ma na ulicy Wolno\u015bci 34.<\/p>\r\n<p style=\"text-align: justify;\">Dy\u017cury odbywaj\u0105 si\u0119 co \u015brod\u0119 od godziny 17:00 do 19:00<\/p>\r\n<p style=\"text-align: center;\"><iframe loading=\"lazy\"  id=\"_ytid_63706\"  width=\"800\" height=\"450\"  data-origwidth=\"800\" data-origheight=\"450\" src=\"https:\/\/www.youtube.com\/embed\/bS2RR-TcJP0?enablejsapi=1&autoplay=0&cc_load_policy=0&cc_lang_pref=&iv_load_policy=1&loop=0&modestbranding=0&rel=1&fs=1&playsinline=0&autohide=2&theme=dark&color=red&controls=1&\" class=\"__youtube_prefs__  no-lazyload\" title=\"YouTube player\"  allow=\"fullscreen; accelerometer; autoplay; clipboard-write; encrypted-media; gyroscope; picture-in-picture\" allowfullscreen data-no-lazy=\"1\" data-skipgform_ajax_framebjll=\"\"><\/iframe><\/p>\r\n<p style=\"text-align: justify;\"><strong>Celem Misji Teen Challenge jest:<\/strong><\/p>\r\n<p style=\"text-align: left;\">\u2013 zwalczanie i zapobieganie wykluczeniom spo\u0142ecznym,<\/p>\r\n<p style=\"text-align: left;\">\u2013 wypracowanie skutecznych metod zwalczania i zapobiegania wykluczeniom spo\u0142ecznym,<\/p>\r\n<p style=\"text-align: left;\">\u2013 pomoc ludziom uzale\u017cnionym, nieprzystosowanym, starszym, niepe\u0142nosprawnym, sierotom, samotnym matkom, bezdomnym i potrzebuj\u0105cym oraz chorym,<\/p>\r\n<p style=\"text-align: left;\">\u2013 u\u0142atwianie powrotu do normalnego \u017cycia w spo\u0142ecze\u0144stwie ludziom dotkni\u0119tym wykluczeniami spo\u0142ecznymi,<\/p>\r\n<p style=\"text-align: left;\">\u2013 upowszechnienie w spo\u0142ecze\u0144stwie wiedzy o kosztach i skutkach wyklucze\u0144 spo\u0142ecznych<\/p>\r\n<p style=\"text-align: left;\">\u2013 wsp\u00f3\u0142praca i podejmowanie wsp\u00f3lnych przedsi\u0119wzi\u0119\u0107 z organami w\u0142adz i administracji pa\u0144stwowej, ko\u015bcio\u0142ami, fundacjami i organizacjami spo\u0142ecznymi w zakresie zwalczania i zapobiegania wykluczeniom spo\u0142ecznym,<\/p>\r\n<p style=\"text-align: left;\">\u2013 rozpowszechnianie w spo\u0142ecze\u0144stwie zasad etyki chrze\u015bcija\u0144skiej i kszta\u0142towanie postaw tolerancji religijnej wobec wszystkich wyzna\u0144 i przekona\u0144,<\/p>\r\n<p style=\"text-align: left;\">\u2013 pomoc ludziom pracuj\u0105cym i chc\u0105cym pracowa\u0107 w\u015br\u00f3d ludzi zagro\u017conych i ulegaj\u0105cych wykluczeniom spo\u0142ecznym, w ich d\u0105\u017ceniach do osi\u0105gni\u0119cia wysokiego poziomu zawodowego i etycznego,<\/p>\r\n<p style=\"text-align: left;\">\u2013 rozwijanie postaw nastawionych na aktywne pomaganie ludziom,<\/p>\r\n<p style=\"text-align: left;\">\u2013 udzielanie dzieciom i m\u0142odzie\u017cy z rodzin dysfunkcyjnych pomocy w postaci: opieki, dokszta\u0142cania i organizowania wypoczynku, zak\u0142adania i prowadzenia szk\u00f3\u0142 niepublicznych, \u015bwietlic i klub\u00f3w,<\/p>\r\n<p style=\"text-align: left;\">\u2013 dzia\u0142anie na rzecz os\u00f3b niepe\u0142nosprawnych,<\/p>\r\n<p style=\"text-align: left;\">\u2013 promocja zatrudnienia i aktywizacji zawodowej os\u00f3b pozostaj\u0105cych bez pracy i zagro\u017conych zwolnieniem z pracy,<\/p>\r\n<p style=\"text-align: left;\">\u2013 wszelka inna dzia\u0142alno\u015b\u0107 charytatywna i pomoc spo\u0142eczna.<\/p>\r\n<p style=\"text-align: center;\"><iframe loading=\"lazy\"  id=\"_ytid_44123\"  width=\"800\" height=\"450\"  data-origwidth=\"800\" data-origheight=\"450\" src=\"https:\/\/www.youtube.com\/embed\/1DSUb0ZsA00?enablejsapi=1&autoplay=0&cc_load_policy=0&cc_lang_pref=&iv_load_policy=1&loop=0&modestbranding=0&rel=1&fs=1&playsinline=0&autohide=2&theme=dark&color=red&controls=1&\" class=\"__youtube_prefs__  no-lazyload\" title=\"YouTube player\"  allow=\"fullscreen; accelerometer; autoplay; clipboard-write; encrypted-media; gyroscope; picture-in-picture\" allowfullscreen data-no-lazy=\"1\" data-skipgform_ajax_framebjll=\"\"><\/iframe><\/p>\r\n","protected":false},"excerpt":{"rendered":"<p>Obecnie w&nbsp;Polsce&nbsp;dzia\u0142aj\u0105 dwa o\u015brodki Teen Challenge: w&nbsp;Broczynie, oraz filia w&nbsp;\u0141\u0119kini. Opr\u00f3cz wymienionych o\u015brodk\u00f3w istnieje r\u00f3wnie\u017c O\u015brodek Kryzysowy w Winiarczyk\u00f3wce, kilka punkt\u00f3w konsultacyjnych i sie\u0107 tzw.&nbsp;CoffeeHouse&#8217;\u00f3w&nbsp;\u2013 s\u0105 to punkty przyj\u0119ciowe, skupiaj\u0105ce grupy os\u00f3b udzielaj\u0105cych bezpo\u015bredniej pomocy uzale\u017cnionym, a tak\u017ce wspieraj\u0105cych potrzebuj\u0105cych w za\u0142atwianiu formalno\u015bci przy ubieganiu si\u0119 o miejsce w o\u015brodku stacjonarnym. W Polsce zarejestrowanych jest &#8230; <span class=\"more\"><a class=\"more-link\" href=\"https:\/\/teenchallenge-ostrow.pl\/\">Czytaj dalej<\/a><\/span><\/p>\n","protected":false},"author":1,"featured_media":0,"parent":0,"menu_order":0,"comment_status":"closed","ping_status":"open","template":"","meta":{"ngg_post_thumbnail":0,"footnotes":"","_links_to":"","_links_to_target":""},"class_list":["entry","page","publish","author-admin","post-2"],"_links":{"self":[{"href":"https:\/\/teenchallenge-ostrow.pl\/index.php?rest_route=\/wp\/v2\/pages\/2","targetHints":{"allow":["GET"]}}],"collection":[{"href":"https:\/\/teenchallenge-ostrow.pl\/index.php?rest_route=\/wp\/v2\/pages"}],"about":[{"href":"https:\/\/teenchallenge-ostrow.pl\/index.php?rest_route=\/wp\/v2\/types\/page"}],"author":[{"embeddable":true,"href":"https:\/\/teenchallenge-ostrow.pl\/index.php?rest_route=\/wp\/v2\/users\/1"}],"replies":[{"embeddable":true,"href":"https:\/\/teenchallenge-ostrow.pl\/index.php?rest_route=%2Fwp%2Fv2%2Fcomments&post=2"}],"version-history":[{"count":20,"href":"https:\/\/teenchallenge-ostrow.pl\/index.php?rest_route=\/wp\/v2\/pages\/2\/revisions"}],"predecessor-version":[{"id":181,"href":"https:\/\/teenchallenge-ostrow.pl\/index.php?rest_route=\/wp\/v2\/pages\/2\/revisions\/181"}],"wp:attachment":[{"href":"https:\/\/teenchallenge-ostrow.pl\/index.php?rest_route=%2Fwp%2Fv2%2Fmedia&parent=2"}],"curies":[{"name":"wp","href":"https:\/\/api.w.org\/{rel}","templated":true}]}}