{"id":19,"date":"2022-02-01T10:51:10","date_gmt":"2022-02-01T10:51:10","guid":{"rendered":"https:\/\/teenchallenge-ostrow.pl\/?page_id=19"},"modified":"2024-03-11T16:36:56","modified_gmt":"2024-03-11T16:36:56","slug":"przekaz-1","status":"publish","type":"page","link":"https:\/\/teenchallenge-ostrow.pl\/?page_id=19","title":{"rendered":"1,5%"},"content":{"rendered":"<div dir=\"auto\">Mo\u017cesz nas wesprze\u0107 1,5% wynikaj\u0105ce z zeznania podatkowego.<br \/>\nWa\u017cne aby dopisa\u0107 oddzia\u0142 Ostr\u00f3w Wielkopolski.<\/div>\n<div dir=\"auto\"><strong>Teen Challenge Chrze\u015bcijanka Misja Spo\u0142eczna oddzia\u0142 Ostr\u00f3w Wielkopolski<\/strong><\/div>\n<div dir=\"auto\">KRS 0000152376<\/div>\n<div dir=\"auto\">Lub wp\u0142acaj\u0105c pieni\u0105dze na konto<\/div>\n<div dir=\"auto\"><strong>44 1540 1173 2117 0004 9940 0001<\/strong><\/div>\n<div dir=\"auto\">W tytule wpisuj\u0105c &#8211; Darowizna<\/div>\n","protected":false},"excerpt":{"rendered":"<p>Mo\u017cesz nas wesprze\u0107 1,5% wynikaj\u0105ce z zeznania podatkowego. Wa\u017cne aby dopisa\u0107 oddzia\u0142 Ostr\u00f3w Wielkopolski. Teen Challenge Chrze\u015bcijanka Misja Spo\u0142eczna oddzia\u0142 Ostr\u00f3w Wielkopolski KRS 0000152376 Lub wp\u0142acaj\u0105c pieni\u0105dze na konto 44 1540 1173 2117 0004 9940 0001 W tytule wpisuj\u0105c &#8211; Darowizna<\/p>\n","protected":false},"author":1,"featured_media":0,"parent":0,"menu_order":0,"comment_status":"closed","ping_status":"closed","template":"","meta":{"ngg_post_thumbnail":0,"footnotes":"","_links_to":"","_links_to_target":""},"class_list":["entry","page","publish","author-admin","post-19"],"_links":{"self":[{"href":"https:\/\/teenchallenge-ostrow.pl\/index.php?rest_route=\/wp\/v2\/pages\/19","targetHints":{"allow":["GET"]}}],"collection":[{"href":"https:\/\/teenchallenge-ostrow.pl\/index.php?rest_route=\/wp\/v2\/pages"}],"about":[{"href":"https:\/\/teenchallenge-ostrow.pl\/index.php?rest_route=\/wp\/v2\/types\/page"}],"author":[{"embeddable":true,"href":"https:\/\/teenchallenge-ostrow.pl\/index.php?rest_route=\/wp\/v2\/users\/1"}],"replies":[{"embeddable":true,"href":"https:\/\/teenchallenge-ostrow.pl\/index.php?rest_route=%2Fwp%2Fv2%2Fcomments&post=19"}],"version-history":[{"count":4,"href":"https:\/\/teenchallenge-ostrow.pl\/index.php?rest_route=\/wp\/v2\/pages\/19\/revisions"}],"predecessor-version":[{"id":346,"href":"https:\/\/teenchallenge-ostrow.pl\/index.php?rest_route=\/wp\/v2\/pages\/19\/revisions\/346"}],"wp:attachment":[{"href":"https:\/\/teenchallenge-ostrow.pl\/index.php?rest_route=%2Fwp%2Fv2%2Fmedia&parent=19"}],"curies":[{"name":"wp","href":"https:\/\/api.w.org\/{rel}","templated":true}]}}