{"id":106,"date":"2022-02-01T12:37:00","date_gmt":"2022-02-01T12:37:00","guid":{"rendered":"https:\/\/teenchallenge-ostrow.pl\/?page_id=106"},"modified":"2022-11-18T20:42:53","modified_gmt":"2022-11-18T20:42:53","slug":"czlonkowie","status":"publish","type":"page","link":"https:\/\/teenchallenge-ostrow.pl\/?page_id=106","title":{"rendered":"Cz\u0142onkowie"},"content":{"rendered":"<p style=\"text-align: justify;\"><strong>Cz\u0142onkowie Teen Challenge Ostr\u00f3w Wielkopolski<\/strong><\/p>\n<p style=\"text-align: justify;\">Konrad \u017barczy\u0144ski<br \/>\nBernard Wrze\u015bniacki<br \/>\nJ\u0119drzej Rzewuski<br \/>\nKatarzyna Roszka<br \/>\nKarol Kowalski<br \/>\nJolanta Kolenda<br \/>\nW\u0142odzimierz Jurkiewicz<br \/>\nDariusz Sp\u0142awski<br \/>\nKrzysztof Sitko<br \/>\nPaulina Sitko<br \/>\nMarcin Pabiszczak<br \/>\nMicha\u0142 Lesiak<\/p>\n","protected":false},"excerpt":{"rendered":"<p>Cz\u0142onkowie Teen Challenge Ostr\u00f3w Wielkopolski Konrad \u017barczy\u0144ski Bernard Wrze\u015bniacki J\u0119drzej Rzewuski Katarzyna Roszka Karol Kowalski Jolanta Kolenda W\u0142odzimierz Jurkiewicz Dariusz Sp\u0142awski Krzysztof Sitko Paulina Sitko Marcin Pabiszczak Micha\u0142 Lesiak<\/p>\n","protected":false},"author":1,"featured_media":0,"parent":0,"menu_order":0,"comment_status":"closed","ping_status":"closed","template":"","meta":{"ngg_post_thumbnail":0,"footnotes":"","_links_to":"","_links_to_target":""},"class_list":["entry","page","publish","author-admin","post-106"],"_links":{"self":[{"href":"https:\/\/teenchallenge-ostrow.pl\/index.php?rest_route=\/wp\/v2\/pages\/106","targetHints":{"allow":["GET"]}}],"collection":[{"href":"https:\/\/teenchallenge-ostrow.pl\/index.php?rest_route=\/wp\/v2\/pages"}],"about":[{"href":"https:\/\/teenchallenge-ostrow.pl\/index.php?rest_route=\/wp\/v2\/types\/page"}],"author":[{"embeddable":true,"href":"https:\/\/teenchallenge-ostrow.pl\/index.php?rest_route=\/wp\/v2\/users\/1"}],"replies":[{"embeddable":true,"href":"https:\/\/teenchallenge-ostrow.pl\/index.php?rest_route=%2Fwp%2Fv2%2Fcomments&post=106"}],"version-history":[{"count":4,"href":"https:\/\/teenchallenge-ostrow.pl\/index.php?rest_route=\/wp\/v2\/pages\/106\/revisions"}],"predecessor-version":[{"id":316,"href":"https:\/\/teenchallenge-ostrow.pl\/index.php?rest_route=\/wp\/v2\/pages\/106\/revisions\/316"}],"wp:attachment":[{"href":"https:\/\/teenchallenge-ostrow.pl\/index.php?rest_route=%2Fwp%2Fv2%2Fmedia&parent=106"}],"curies":[{"name":"wp","href":"https:\/\/api.w.org\/{rel}","templated":true}]}}